{"id":12046,"date":"2025-01-22T21:09:59","date_gmt":"2025-01-22T21:09:59","guid":{"rendered":"https:\/\/desu.tr\/?page_id=12046"},"modified":"2026-01-05T05:17:04","modified_gmt":"2026-01-05T02:17:04","slug":"vizyon-misyon","status":"publish","type":"page","link":"https:\/\/desu.tr\/tr\/vizyon-misyon","title":{"rendered":"Vizyon &amp; Misyon"},"content":{"rendered":"<div data-elementor-type=\"wp-page\" data-elementor-id=\"12046\" class=\"elementor elementor-12046\" data-elementor-post-type=\"page\">\n\t\t\t\t        <section data-particle_enable=\"false\" data-particle-mobile-disabled=\"false\" class=\"elementor-section elementor-top-section elementor-element elementor-element-844704f elementor-section-boxed elementor-section-height-default elementor-section-height-default pxl-type-header-none pxl-row-scroll-none\" data-id=\"844704f\" data-element_type=\"section\" data-e-type=\"section\">\n\n                \n                <div class=\"elementor-container elementor-column-gap-extended\">\n                <div class=\"elementor-column elementor-col-100 elementor-top-column elementor-element elementor-element-86781b6 pxl-column-element-default pxl-column-none\" data-id=\"86781b6\" data-element_type=\"column\" data-e-type=\"column\">\r\n        <div class=\"elementor-widget-wrap elementor-element-populated\">\r\n                     \r\n        \t\t<div class=\"elementor-element elementor-element-4d7c9f6 elementor-widget elementor-widget-pxl_banner_carousel\" data-id=\"4d7c9f6\" data-element_type=\"widget\" data-e-type=\"widget\" data-widget_type=\"pxl_banner_carousel.default\">\n\t\t\t\t<div class=\"elementor-widget-container\">\n\t\t\t\t\t    <div class=\"pxl-swiper-sliders pxl-banner-carousel pxl-banner-carousel1\" data-arrow=\"true\">\n        <div class=\"pxl-carousel-inner arrows-middle\">\n            <div class=\"pxl-swiper-container\" dir=\"ltr\" data-settings=\"{&quot;slide_direction&quot;:&quot;horizontal&quot;,&quot;slide_percolumn&quot;:&quot;1&quot;,&quot;slide_mode&quot;:&quot;slide&quot;,&quot;slides_to_show&quot;:1,&quot;slides_to_show_xxl&quot;:1,&quot;slides_to_show_lg&quot;:1,&quot;slides_to_show_md&quot;:1,&quot;slides_to_show_sm&quot;:1,&quot;slides_to_show_xs&quot;:1,&quot;slides_to_scroll&quot;:1,&quot;arrow&quot;:&quot;true&quot;,&quot;pagination&quot;:&quot;false&quot;,&quot;pagination_type&quot;:&quot;bullets&quot;,&quot;autoplay&quot;:&quot;true&quot;,&quot;pause_on_hover&quot;:&quot;&quot;,&quot;pause_on_interaction&quot;:&quot;true&quot;,&quot;delay&quot;:5000,&quot;loop&quot;:&quot;false&quot;,&quot;speed&quot;:500}\">\n                <div class=\"pxl-swiper-wrapper\">\n                                            <div class=\"pxl-swiper-slide\">\n                            <div class=\"pxl-item--inner\" data-wow-delay=\"ms\">\n                                                                     <div class=\"pxl-item--feature\">\n                                        <img fetchpriority=\"high\" decoding=\"async\" class=\"no-lazyload\" src=\"https:\/\/desu.tr\/wp-content\/uploads\/2025\/01\/desu-2-1200x700.png\" width=\"1200\" height=\"700\" alt=\"desu (2)\" title=\"desu (2)\" \/>      \n                                    <\/div>\n                                                           <\/div>\n                        <\/div>\n                                    <\/div>\n            <\/div>\n                            <div class=\"grap-arrows\">\n                    <div class=\"pxl-swiper-arrow pxl-swiper-arrow-prev\"><i class=\"caseicon caseicon-angle-arrow-left\"><\/i><\/div>\n                    <div class=\"pxl-swiper-arrow pxl-swiper-arrow-next\"><i class=\"caseicon caseicon-angle-arrow-left\"><\/i><\/div>\n                <\/div>\n                                <\/div>\n    <\/div>\n\t\t\t\t<\/div>\n\t\t\t\t<\/div>\n\t\t\t\t<div class=\"elementor-element elementor-element-ef03a6e elementor-widget elementor-widget-pxl_heading\" data-id=\"ef03a6e\" data-element_type=\"widget\" data-e-type=\"widget\" data-widget_type=\"pxl_heading.default\">\n\t\t\t\t<div class=\"elementor-widget-container\">\n\t\t\t\t\t<div class=\"pxl-heading\">\n\t<div class=\"pxl-heading--inner\">\n\t\t\t\t<h3 class=\"pxl-item--title\" data-wow-delay=\"ms\">\n\t\t\tKalite Politikas\u0131\n\t\t\n\t\t<\/h3>\n\t\t\t<\/div>\n<\/div>\t\t\t\t<\/div>\n\t\t\t\t<\/div>\n\t\t\t\t<div class=\"elementor-element elementor-element-98fdc69 elementor-widget elementor-widget-pxl_text_editor\" data-id=\"98fdc69\" data-element_type=\"widget\" data-e-type=\"widget\" data-widget_type=\"pxl_text_editor.default\">\n\t\t\t\t<div class=\"elementor-widget-container\">\n\t\t\t\t\t<div class=\"pxl-text-editor wow fadeInUp\">\n\t<div class=\"pxl-item--inner\" data-wow-delay=\"ms\">\n\t\t<p><span style=\"font-weight: 400\">DESU Medical'da Kalite Politikam\u0131z, t\u0131bbi teknolojilerin geli\u015ftirilmesinde m\u00fckemmelli\u011fe, yenilik\u00e7ili\u011fe ve en y\u00fcksek d\u00fcr\u00fcstl\u00fck standartlar\u0131na olan sars\u0131lmaz ba\u011fl\u0131l\u0131\u011f\u0131m\u0131z\u0131 yans\u0131tmaktad\u0131r. Organizasyonumuzun her seviyesinde kaliteye olan ba\u011fl\u0131l\u0131\u011f\u0131m\u0131z arac\u0131l\u0131\u011f\u0131yla hayatlar\u0131 iyile\u015ftirme, sa\u011fl\u0131k hizmetlerini ilerletme ve g\u00fcven olu\u015fturma misyonuyla hareket ediyoruz.<\/span><\/p><ol><li style=\"font-weight: 400\"><b>Uluslararas\u0131 Standartlara ve Uyumlulu\u011fa Ba\u011fl\u0131l\u0131k<\/b><b><br \/><\/b><span style=\"font-weight: 400\">Her \u00fcr\u00fcn ve s\u00fcrecin kalite, g\u00fcvenlik ve etkinlik i\u00e7in uluslararas\u0131 kriterlerle uyumlu olmas\u0131n\u0131 sa\u011flayan ISO 13485 sertifikas\u0131 dahil olmak \u00fczere k\u00fcresel olarak tan\u0131nan standartlara ba\u011fl\u0131 kal\u0131yoruz. T\u00fcm DESU Medical \u00fcr\u00fcnleri, Avrupa Birli\u011fi'nin sa\u011fl\u0131k, g\u00fcvenlik ve \u00e7evre gereksinimlerinin s\u0131k\u0131 \u015fartlar\u0131n\u0131 kar\u015f\u0131layan CE sertifikas\u0131na sahiptir.<\/span><\/li><li style=\"font-weight: 400\"><b>\u00dcst\u00fcn Sonu\u00e7lar \u0130\u00e7in \u00d6nc\u00fc Yenilik\u00e7ilik<\/b><b><br \/><\/b><span style=\"font-weight: 400\">Ara\u015ft\u0131rma ve geli\u015ftirmeye derinden k\u00f6k salm\u0131\u015f bir \u015firket olarak, yenilik\u00e7ilik yapt\u0131\u011f\u0131m\u0131z her \u015feyin merkezinde yer almaktad\u0131r. Ekiplerimiz, d\u00fcnya genelindeki sa\u011fl\u0131k profesyonellerinin ve hastalar\u0131n geli\u015fen ihtiya\u00e7lar\u0131n\u0131 kar\u015f\u0131layan \u00e7\u0131\u011f\u0131r a\u00e7an t\u0131bbi \u00e7\u00f6z\u00fcmleri tasarlamak ve \u00fcretmek i\u00e7in yorulmadan \u00e7al\u0131\u015fmaktad\u0131r.<\/span><\/li><li style=\"font-weight: 400\"><b>Hasta G\u00fcvenli\u011fi ve Etkinli\u011fi Konusunda Taviz Vermeyen Odaklanma<\/b><b><br \/><\/b><span style=\"font-weight: 400\">Hasta sa\u011fl\u0131\u011f\u0131 ve g\u00fcvenli\u011fi \u00f6nceliklerimizin ba\u015f\u0131nda gelmektedir. Teknolojilerimizin g\u00fcvenilirli\u011fini ve etkinli\u011fini sa\u011flamak i\u00e7in \u00fcr\u00fcn ya\u015fam d\u00f6ng\u00fcs\u00fc boyunca titiz testler, kalite kontrol ve do\u011frulama s\u00fcre\u00e7leri uyguluyoruz.<\/span><\/li><li style=\"font-weight: 400\"><b>M\u00fc\u015fteri Odakl\u0131 Yakla\u015f\u0131m<\/b><b><br \/><\/b><span style=\"font-weight: 400\">M\u00fc\u015fterilerimizin beklentilerini anlamaya ve a\u015fmaya kararl\u0131y\u0131z. A\u00e7\u0131k ileti\u015fimi te\u015fvik ederek, ola\u011fan\u00fcst\u00fc destek sunarak ve \u00e7\u00f6z\u00fcmleri benzersiz ihtiya\u00e7lara g\u00f6re uyarlayarak, g\u00fcven ve memnuniyet \u00fczerine kurulu g\u00fc\u00e7l\u00fc, uzun \u00f6m\u00fcrl\u00fc ili\u015fkiler kuruyoruz.<\/span><\/li><li style=\"font-weight: 400\"><b>S\u00fcrekli \u0130yile\u015ftirme K\u00fclt\u00fcr\u00fc<\/b><b><br \/><\/b><span style=\"font-weight: 400\">M\u00fckemmellik bir var\u0131\u015f noktas\u0131 de\u011fil, bir yolculuktur. Proaktif geri bildirim entegrasyonu, veri odakl\u0131 karar verme ve performans optimizasyonu arac\u0131l\u0131\u011f\u0131yla s\u00fcre\u00e7lerimizi, sistemlerimizi ve teknolojilerimizi s\u00fcrekli olarak geli\u015ftirmeye kendimizi adad\u0131k.<\/span><\/li><li style=\"font-weight: 400\"><b>\u00c7al\u0131\u015fanlar\u0131m\u0131z\u0131 G\u00fc\u00e7lendirme<\/b><b><br \/><\/b><span style=\"font-weight: 400\">Ba\u015far\u0131m\u0131z, ekibimizin uzmanl\u0131\u011f\u0131na ve \u00f6zverisine dayanmaktad\u0131r. S\u00fcrekli e\u011fitim ve mesleki geli\u015fime yat\u0131r\u0131m yaparak, yetenekli, yenilik\u00e7i ve kalite hedeflerimizle uyumlu bir i\u015fg\u00fcc\u00fc yeti\u015ftiriyoruz.<\/span><\/li><li style=\"font-weight: 400\"><b>S\u00fcrd\u00fcr\u00fclebilirlik ve Etik Sorumluluk<\/b><b><br \/><\/b><span style=\"font-weight: 400\">DESU Medical, i\u015fini etik ve s\u00fcrd\u00fcr\u00fclebilir bir \u015fekilde y\u00fcr\u00fctmeye kararl\u0131d\u0131r. \u00c7evre bilincine sahip uygulamalar\u0131 operasyonlar\u0131m\u0131za entegre ediyor ve i\u015fimizin her y\u00f6n\u00fcnde etik karar vermeye \u00f6ncelik veriyoruz.<\/span><\/li><li style=\"font-weight: 400\"><b>\u0130\u015fbirlik\u00e7i Ortakl\u0131klar ve K\u00fcresel Etki<\/b><b><br \/><\/b><span style=\"font-weight: 400\">Yenilik\u00e7ili\u011fi te\u015fvik etmek ve \u00fcr\u00fcnlerimizin k\u00fcresel uygunlu\u011funu ve uygulanabilirli\u011fini sa\u011flamak i\u00e7in \u00f6nde gelen akademik kurumlar, sa\u011fl\u0131k kurulu\u015flar\u0131 ve d\u00fczenleyici kurumlarla aktif olarak i\u015fbirli\u011fi yap\u0131yoruz. Birlikte, d\u00fcnya \u00e7ap\u0131nda sa\u011fl\u0131k sonu\u00e7lar\u0131 \u00fczerinde anlaml\u0131 bir etki yaratmay\u0131 hedefliyoruz.<\/span><\/li><\/ol>\t<\/div>\n<\/div>\t\t\t\t<\/div>\n\t\t\t\t<\/div>\n\t\t\t\t<div class=\"elementor-element elementor-element-54d0cdf elementor-widget elementor-widget-pxl_text_editor\" data-id=\"54d0cdf\" data-element_type=\"widget\" data-e-type=\"widget\" data-widget_type=\"pxl_text_editor.default\">\n\t\t\t\t<div class=\"elementor-widget-container\">\n\t\t\t\t\t<div class=\"pxl-text-editor wow fadeInUp\">\n\t<div class=\"pxl-item--inner\" data-wow-delay=\"200ms\">\n\t\t<p><b>Misyonumuz<\/b><\/p>\t<\/div>\n<\/div>\t\t\t\t<\/div>\n\t\t\t\t<\/div>\n\t\t\t\t<div class=\"elementor-element elementor-element-a245f7c elementor-widget elementor-widget-pxl_text_editor\" data-id=\"a245f7c\" data-element_type=\"widget\" data-e-type=\"widget\" data-widget_type=\"pxl_text_editor.default\">\n\t\t\t\t<div class=\"elementor-widget-container\">\n\t\t\t\t\t<div class=\"pxl-text-editor wow fadeInUp\">\n\t<div class=\"pxl-item--inner\" data-wow-delay=\"300ms\">\n\t\t<p><span style=\"font-weight: 400\">Misyonumuz, insan sa\u011fl\u0131\u011f\u0131n\u0131 iyile\u015ftiren, ya\u015fam ko\u015fullar\u0131n\u0131 geli\u015ftiren ve d\u00fcnya genelindeki hastalara ve sa\u011fl\u0131k hizmeti sa\u011flay\u0131c\u0131lar\u0131na umut veren yenilik\u00e7i teknolojileri s\u00fcrekli olarak ke\u015ffetmek, ara\u015ft\u0131rmak ve uygulamakt\u0131r. Ara\u015ft\u0131rma ve geli\u015ftirme odakl\u0131 bir kurulu\u015f olarak, en son bilimi pratik, hayat de\u011fi\u015ftiren \u00e7\u00f6z\u00fcmlere d\u00f6n\u00fc\u015ft\u00fcrmeye kararl\u0131y\u0131z.<\/span><\/p><p><span style=\"font-weight: 400\">Hedeflerimiz:<\/span><\/p><ol><li style=\"font-weight: 400\"><b>\u0130nsan Sa\u011fl\u0131\u011f\u0131n\u0131 \u0130lerletmek<\/b><b><br \/><\/b><span style=\"font-weight: 400\">Kritik sa\u011fl\u0131k zorluklar\u0131n\u0131 belirleyerek ve ele alarak, karma\u015f\u0131k t\u0131bbi durumlar\u0131n \u00f6nlenmesine, te\u015fhisine ve tedavisine katk\u0131da bulunan teknolojiler yarat\u0131yoruz. \u00dcr\u00fcnlerimiz, sa\u011fl\u0131k profesyonellerini g\u00fc\u00e7lendirmek ve hasta sonu\u00e7lar\u0131n\u0131 k\u00fcresel \u00f6l\u00e7ekte iyile\u015ftirmek i\u00e7in tasarlanm\u0131\u015ft\u0131r.<\/span><\/li><li style=\"font-weight: 400\"><b>Ara\u015ft\u0131rma Yoluyla Yenilik\u00e7ili\u011fi Y\u00f6nlendirmek<\/b><b><br \/><\/b><span style=\"font-weight: 400\">Ar-Ge odakl\u0131 bir \u015firket olarak, s\u00fcrekli \u00f6\u011frenme, ke\u015fif ve yenilik\u00e7ilik k\u00fclt\u00fcr\u00fcn\u00fc te\u015fvik etmeye kararl\u0131y\u0131z. Ekiplerimiz, \u00e7\u00f6z\u00fcmlerimizin teknolojinin en \u00fcst seviyesinde kalmas\u0131n\u0131 sa\u011flamak i\u00e7in bilim, m\u00fchendislik ve t\u0131p alan\u0131ndaki en son geli\u015fmeleri \u00fcr\u00fcn geli\u015ftirme s\u00fcre\u00e7lerimize entegre etmek i\u00e7in yorulmadan \u00e7al\u0131\u015fmaktad\u0131r.<\/span><\/li><li style=\"font-weight: 400\"><b>Ya\u015fam Standartlar\u0131n\u0131 Y\u00fckseltmek<\/b><b><br \/><\/b><span style=\"font-weight: 400\">Teknolojilerimiz sadece hayat kurtarmak i\u00e7in de\u011fil, ayn\u0131 zamanda hastalar\u0131n konforunu ve refah\u0131n\u0131 art\u0131rmak i\u00e7in de tasarlanm\u0131\u015ft\u0131r. \u0130yile\u015fme s\u00fcrelerini iyile\u015ftirmekten t\u0131bbi prosed\u00fcrlerin etkinli\u011fini art\u0131rmaya kadar, sa\u011fl\u0131k hizmetlerini daha eri\u015filebilir, verimli ve hasta dostu hale getirmeye kendimizi adad\u0131k.<\/span><\/li><li style=\"font-weight: 400\"><b>K\u00fcresel \u0130\u015fbirli\u011fini Te\u015fvik Etmek<\/b><b><br \/><\/b><span style=\"font-weight: 400\">Yeniliklerimizin en y\u00fcksek kalite, g\u00fcvenlik ve uygunluk standartlar\u0131n\u0131 kar\u015f\u0131lamas\u0131n\u0131 sa\u011flamak i\u00e7in sa\u011fl\u0131k profesyonelleri, akademik kurumlar ve sekt\u00f6r liderleriyle aktif olarak i\u015fbirli\u011fi yap\u0131yoruz. Bu ortakl\u0131klar, anlaml\u0131 \u00e7\u00f6z\u00fcmleri pazara sunmam\u0131z\u0131 ve k\u00fcresel etkimizi geni\u015fletmemizi sa\u011flar.<\/span><\/li><li style=\"font-weight: 400\"><b>Umut ve G\u00fcven A\u015f\u0131lamak<\/b><b><br \/><\/b><span style=\"font-weight: 400\">DESU Medical olarak, teknolojinin en g\u00fc\u00e7l\u00fc oldu\u011fu an\u0131n umut a\u015f\u0131lad\u0131\u011f\u0131 an oldu\u011funa inan\u0131yoruz. Geli\u015ftirdi\u011fimiz her \u00fcr\u00fcn, hastalara ve ailelerine sa\u011fl\u0131k ve refahlar\u0131n\u0131n en iyi ellerde oldu\u011fu g\u00fcvenini vermek i\u00e7in tasarlanm\u0131\u015ft\u0131r.<\/span><\/li><li style=\"font-weight: 400\"><b>D\u00fcr\u00fcstl\u00fck ve Sorumlulukla \u00c7al\u0131\u015fmak<\/b><b><br \/><\/b><span style=\"font-weight: 400\">\u0130\u015fimizi etik ve s\u00fcrd\u00fcr\u00fclebilir bir \u015fekilde y\u00fcr\u00fctmeye, operasyonlar\u0131m\u0131z\u0131n sadece payda\u015flar\u0131m\u0131za de\u011fil, ayn\u0131 zamanda daha geni\u015f topluma ve \u00e7evreye de fayda sa\u011flamas\u0131n\u0131 temin etmeye kendimizi adad\u0131k.<\/span><\/li><\/ol><p><span style=\"font-weight: 400\">Bu ilkelere ba\u011fl\u0131 kalarak, DESU Medical sa\u011fl\u0131k hizmetlerini d\u00f6n\u00fc\u015ft\u00fcrmeye ve herkes i\u00e7in daha parlak, daha sa\u011fl\u0131kl\u0131 ve daha umut dolu bir gelecek yaratmaya kararl\u0131d\u0131r.<\/span><\/p>\t<\/div>\n<\/div>\t\t\t\t<\/div>\n\t\t\t\t<\/div>\n\t\t            <\/div>\r\n        <\/div>\r\n        \t\t\t<\/div>\n\t\t<\/section>\n\t\t\t\t<\/div>","protected":false},"excerpt":{"rendered":"<p>Quality Policy At DESU Medical, our Quality Policy reflects our unwavering dedication to excellence, innovation, and the highest standards of integrity in the development of medical technologies. We are driven by a mission to improve lives, advance healthcare, and inspire trust through our commitment to quality at every level of our organization. Commitment to International [&hellip;]<\/p>\n","protected":false},"author":1,"featured_media":0,"parent":0,"menu_order":0,"comment_status":"closed","ping_status":"closed","template":"","meta":{"footnotes":""},"class_list":["post-12046","page","type-page","status-publish","hentry"],"_links":{"self":[{"href":"https:\/\/desu.tr\/tr\/wp-json\/wp\/v2\/pages\/12046","targetHints":{"allow":["GET"]}}],"collection":[{"href":"https:\/\/desu.tr\/tr\/wp-json\/wp\/v2\/pages"}],"about":[{"href":"https:\/\/desu.tr\/tr\/wp-json\/wp\/v2\/types\/page"}],"author":[{"embeddable":true,"href":"https:\/\/desu.tr\/tr\/wp-json\/wp\/v2\/users\/1"}],"replies":[{"embeddable":true,"href":"https:\/\/desu.tr\/tr\/wp-json\/wp\/v2\/comments?post=12046"}],"version-history":[{"count":1,"href":"https:\/\/desu.tr\/tr\/wp-json\/wp\/v2\/pages\/12046\/revisions"}],"predecessor-version":[{"id":15285,"href":"https:\/\/desu.tr\/tr\/wp-json\/wp\/v2\/pages\/12046\/revisions\/15285"}],"wp:attachment":[{"href":"https:\/\/desu.tr\/tr\/wp-json\/wp\/v2\/media?parent=12046"}],"curies":[{"name":"wp","href":"https:\/\/api.w.org\/{rel}","templated":true}]}}