{"id":18,"date":"2023-08-23T04:13:20","date_gmt":"2023-08-23T04:13:20","guid":{"rendered":"https:\/\/demo.bravisthemes.com\/patholab\/?page_id=18"},"modified":"2026-01-05T05:17:01","modified_gmt":"2026-01-05T02:17:01","slug":"iletisim","status":"publish","type":"page","link":"https:\/\/desu.tr\/tr\/iletisim","title":{"rendered":"\u0130leti\u015fim"},"content":{"rendered":"<div data-elementor-type=\"wp-page\" data-elementor-id=\"18\" class=\"elementor elementor-18\" data-elementor-post-type=\"page\">\n\t\t\t\t        <section data-particle_enable=\"false\" data-particle-mobile-disabled=\"false\" class=\"elementor-section elementor-top-section elementor-element elementor-element-dd26d98 elementor-section-boxed elementor-section-height-default elementor-section-height-default pxl-type-header-none pxl-row-scroll-none\" data-id=\"dd26d98\" data-element_type=\"section\" data-e-type=\"section\" data-settings=\"{&quot;background_background&quot;:&quot;classic&quot;}\">\n\n                \n                <div class=\"elementor-container elementor-column-gap-extended\">\n                <div class=\"elementor-column elementor-col-100 elementor-top-column elementor-element elementor-element-e956223 pxl-column-element-default pxl-column-none\" data-id=\"e956223\" data-element_type=\"column\" data-e-type=\"column\">\r\n        <div class=\"elementor-widget-wrap elementor-element-populated\">\r\n                     \r\n                <section data-particle_enable=\"false\" data-particle-mobile-disabled=\"false\" class=\"elementor-section elementor-inner-section elementor-element elementor-element-1fd3100 elementor-section-boxed elementor-section-height-default elementor-section-height-default pxl-type-header-none pxl-row-scroll-none\" data-id=\"1fd3100\" data-element_type=\"section\" data-e-type=\"section\">\n\n                \n                <div class=\"elementor-container elementor-column-gap-extended\">\n                <div class=\"elementor-column elementor-col-33 elementor-inner-column elementor-element elementor-element-d42f866 pxl-column-element-default pxl-column-none\" data-id=\"d42f866\" data-element_type=\"column\" data-e-type=\"column\">\r\n        <div class=\"elementor-widget-wrap elementor-element-populated\">\r\n                                <div class=\"elementor-background-overlay\"><\/div>\r\n         \r\n        \t\t<div class=\"elementor-element elementor-element-6aafc9c elementor-widget elementor-widget-pxl_contact_info\" data-id=\"6aafc9c\" data-element_type=\"widget\" data-e-type=\"widget\" data-widget_type=\"pxl_contact_info.default\">\n\t\t\t\t<div class=\"elementor-widget-container\">\n\t\t\t\t\t<div class=\"pxl-contact-info wow skewIn\" data-wow-delay=\"200ms\">\r\n            <h3 class=\"pxl-title pxl-title-box el-empty\">\r\n            <span>Ofisimiz<\/span>\r\n        <\/h3>  \r\n        <div class=\"inner-box\">\r\n        <div class=\"pxl-box-adress\">\r\n                            <div class=\"pxl-title pxl-adress-title\">\r\n                    Adresimiz                <\/div>\r\n                                        <div class=\"pxl-adress-content\">\r\n                    <i class=\"caseicon caseicon-map\"><\/i>\r\n                    <a href=\"https:\/\/maps.app.goo.gl\/nZ781Q8rdUK8GVxFA\" target=\"_blank\" rel=\"noopener\">                        O\u011fulbey Mah. O\u011fulbey k\u00fcme evleri no:587 G\u00f6lba\u015f\u0131, Ankara,\u00a0T\u00dcRK\u0130YE                    <\/a>                <\/div>\r\n                    <\/div>\r\n                    <div class=\"pxl-box-row\">\r\n                <div class=\"pxl-title pxl-row-title\">\r\n                    \u0130leti\u015fim Bilgileri                <\/div>\r\n                <ul class=\"pxl-list-row\">\r\n                                                <li>\r\n                                <a href=\"mailto:info@desu.tr\">\r\n                                    <i aria-hidden=\"true\" class=\"fal fa-envelope\"><\/i>                                    <span>info@desu.tr<\/span>\r\n                                <\/a>\r\n                            <\/li>\r\n                                                <li>\r\n                                <a href=\"mailto:sales@desu.tr\">\r\n                                    <i aria-hidden=\"true\" class=\"fal fa-envelope\"><\/i>                                    <span>sales@desu.tr<\/span>\r\n                                <\/a>\r\n                            <\/li>\r\n                                                <li>\r\n                                <a href=\"tel:+903122992563\">\r\n                                    <i aria-hidden=\"true\" class=\"icomoon icomoon-patholab-phone3\"><\/i>                                    <span>+90 (312) 299 25 63<\/span>\r\n                                <\/a>\r\n                            <\/li>\r\n                                    <\/ul>\r\n            <\/div>\r\n                    <\/div>\r\n<\/div>\r\n\t\t\t\t<\/div>\n\t\t\t\t<\/div>\n\t\t            <\/div>\r\n        <\/div>\r\n                <div class=\"elementor-column elementor-col-33 elementor-inner-column elementor-element elementor-element-10e0977 pxl-column-element-default pxl-column-none\" data-id=\"10e0977\" data-element_type=\"column\" data-e-type=\"column\">\r\n        <div class=\"elementor-widget-wrap\">\r\n                     \r\n                    <\/div>\r\n        <\/div>\r\n                <div class=\"elementor-column elementor-col-33 elementor-inner-column elementor-element elementor-element-f93ff2c pxl-column-element-default pxl-column-none\" data-id=\"f93ff2c\" data-element_type=\"column\" data-e-type=\"column\" data-settings=\"{&quot;background_background&quot;:&quot;classic&quot;}\">\r\n        <div class=\"elementor-widget-wrap elementor-element-populated\">\r\n                     \r\n        \t\t<div class=\"elementor-element elementor-element-98f4837 elementor-widget elementor-widget-pxl_heading\" data-id=\"98f4837\" data-element_type=\"widget\" data-e-type=\"widget\" data-widget_type=\"pxl_heading.default\">\n\t\t\t\t<div class=\"elementor-widget-container\">\n\t\t\t\t\t<div class=\"pxl-heading\">\n\t<div class=\"pxl-heading--inner\">\n\t\t\t\t\t<div class=\"pxl-item--subtitle\" data-wow-delay=\"ms\">\n\t\t\t\t<span>UZMANLARIMIZA DANI\u015eIN<\/span>\n\t\t\t<\/div>\n\t\t\t\t<h3 class=\"pxl-item--title\" data-wow-delay=\"ms\">\n\t\t\tBize Ula\u015f\u0131n\t\t\n\t\t<\/h3>\n\t\t\t<\/div>\n<\/div>\t\t\t\t<\/div>\n\t\t\t\t<\/div>\n\t\t\t\t<div class=\"elementor-element elementor-element-6bb286a elementor-widget__width-auto elementor-widget elementor-widget-pxl_contact_form\" data-id=\"6bb286a\" data-element_type=\"widget\" data-e-type=\"widget\" data-widget_type=\"pxl_contact_form.default\">\n\t\t\t\t<div class=\"elementor-widget-container\">\n\t\t\t\t\t    <div class=\"pxl-contact-form pxl-contact-form1 btn-default btn-w-auto\" data-wow-delay=\"ms\">\r\n        \n<div class=\"wpcf7 no-js\" id=\"wpcf7-f6-o1\" lang=\"en-US\" dir=\"ltr\" data-wpcf7-id=\"6\">\n<div class=\"screen-reader-response\"><p role=\"status\" aria-live=\"polite\" aria-atomic=\"true\"><\/p> <ul><\/ul><\/div>\n<form action=\"\/tr\/wp-json\/wp\/v2\/pages\/18#wpcf7-f6-o1\" method=\"post\" class=\"wpcf7-form init\" aria-label=\"Contact form\" novalidate=\"novalidate\" data-status=\"init\" data-trp-original-action=\"\/tr\/wp-json\/wp\/v2\/pages\/18#wpcf7-f6-o1\">\n<fieldset class=\"hidden-fields-container\"><input type=\"hidden\" name=\"_wpcf7\" value=\"6\" \/><input type=\"hidden\" name=\"_wpcf7_version\" value=\"6.1.5\" \/><input type=\"hidden\" name=\"_wpcf7_locale\" value=\"en_US\" \/><input type=\"hidden\" name=\"_wpcf7_unit_tag\" value=\"wpcf7-f6-o1\" \/><input type=\"hidden\" name=\"_wpcf7_container_post\" value=\"0\" \/><input type=\"hidden\" name=\"_wpcf7_posted_data_hash\" value=\"\" \/>\n<\/fieldset>\n<div class=\"wpcf7-turnstile cf-turnstile\" data-sitekey=\"0x4AAAAAABAUAqT8LTc6DV9K\" data-response-field-name=\"_wpcf7_turnstile_response\"><\/div>\n\n<div class=\"wp-row-ctf7\">\n\t<div class=\"row input-contact\">\n\t\t<div class=\"col-xl-6 col-lg-6 col-md-6 col-sm-12\">\n\t\t\t<div class=\"input-filled\">\n\t\t\t\t<p><span class=\"wpcf7-form-control-wrap\" data-name=\"your-name\"><input size=\"40\" maxlength=\"400\" class=\"wpcf7-form-control wpcf7-text wpcf7-validates-as-required\" autocomplete=\"name\" aria-required=\"true\" aria-invalid=\"false\" placeholder=\"\u0130sim Soyisim\" value=\"\" type=\"text\" name=\"your-name\" \/><\/span>\n\t\t\t\t<\/p>\n\t\t\t<\/div>\n\t\t<\/div>\n\t\t<div class=\"col-xl-6 col-lg-6 col-md-6 col-sm-12\">\n\t\t\t<div class=\"input-filled\">\n\t\t\t\t<p><span class=\"wpcf7-form-control-wrap\" data-name=\"your-phone\"><input size=\"40\" maxlength=\"400\" class=\"wpcf7-form-control wpcf7-text wpcf7-validates-as-required\" aria-required=\"true\" aria-invalid=\"false\" placeholder=\"Telefon\" value=\"\" type=\"text\" name=\"your-phone\" \/><\/span>\n\t\t\t\t<\/p>\n\t\t\t<\/div>\n\t\t<\/div>\n\t\t<div class=\"col-xl-6 col-lg-6 col-md-6 col-sm-12\">\n\t\t\t<div class=\"input-filled\">\n\t\t\t\t<p><span class=\"wpcf7-form-control-wrap\" data-name=\"your-email\"><input size=\"40\" maxlength=\"400\" class=\"wpcf7-form-control wpcf7-email wpcf7-validates-as-required wpcf7-text wpcf7-validates-as-email\" autocomplete=\"email\" aria-required=\"true\" aria-invalid=\"false\" placeholder=\"E-posta\" value=\"\" type=\"email\" name=\"your-email\" \/><\/span>\n\t\t\t\t<\/p>\n\t\t\t<\/div>\n\t\t<\/div>\n\t\t<div class=\"col-xl-6 col-lg-6 col-md-6 col-sm-12\">\n\t\t\t<div class=\"input-filled\">\n\t\t\t\t<p><span class=\"wpcf7-form-control-wrap\" data-name=\"your-subject\"><input size=\"40\" maxlength=\"400\" class=\"wpcf7-form-control wpcf7-text wpcf7-validates-as-required\" aria-required=\"true\" aria-invalid=\"false\" placeholder=\"Konu\" value=\"\" type=\"text\" name=\"your-subject\" \/><\/span>\n\t\t\t\t<\/p>\n\t\t\t<\/div>\n\t\t<\/div>\n\t\t<div class=\"col-xl-12 col-lg-12 col-md-12 col-sm-12\">\n\t\t\t<div class=\"input-filled\">\n\t\t\t\t<p><span class=\"wpcf7-form-control-wrap\" data-name=\"mesaj\"><textarea cols=\"40\" rows=\"10\" maxlength=\"2000\" class=\"wpcf7-form-control wpcf7-textarea\" aria-invalid=\"false\" placeholder=\"Mesaj\u0131n\u0131z\" name=\"mesaj\"><\/textarea><\/span>\n\t\t\t\t<\/p>\n\t\t\t<\/div>\n\t\t\t<div class=\"input-filled input-filled-btn\">\n\t\t\t\t<p><button class=\"wpcf7-submit\" type=\"submit\"><span>G\u00f6nder<\/span><\/button><br \/>\n<div class=\"cf7-cf-turnstile\" style=\"margin-top: 0px; margin-bottom: -15px;\"> <div id=\"cf-turnstile-cf7-359696824\" class=\"cf-turnstile\" data-callback=\"turnstileCF7Callback\" data-sitekey=\"0x4AAAAAABAUAqT8LTc6DV9K\" data-theme=\"auto\" data-language=\"auto\" data-size=\"normal\" data-retry=\"auto\" data-retry-interval=\"1000\" data-refresh-expired=\"auto\" data-refresh-timeout=\"auto\" data-action=\"contact-form-7\" data-appearance=\"interaction-only\"><\/div> <style>.wpcf7-submit { pointer-events: none; opacity: 0.5; }<\/style> <script>document.addEventListener(\"DOMContentLoaded\", function() { setTimeout(function(){ var e=document.getElementById(\"cf-turnstile-cf7-359696824\"); if(e&&!e.innerHTML.trim()){turnstile.render(e, {sitekey:\"0x4AAAAAABAUAqT8LTc6DV9K\"});} }, 200); });<\/script> <style>#cf-turnstile-cf7-359696824 iframe { margin-bottom: 15px; }<\/style> <style>#cf-turnstile-cf7-359696824 { margin-left: -15px; }<\/style> <script>document.addEventListener(\"DOMContentLoaded\",function(){document.querySelectorAll('.wpcf7-form').forEach(function(e){e.addEventListener('submit',function(){if(document.getElementById('cf-turnstile-cf7-359696824')){setTimeout(function(){turnstile.reset('#cf-turnstile-cf7-359696824');},1000)}})})});<\/script> <\/div>\n\t\t\t\t<\/p>\n\t\t\t<\/div>\n\t\t<\/div>\n\t<\/div>\n<\/div><div class=\"wpcf7-response-output\" aria-hidden=\"true\"><\/div>\n<input type=\"hidden\" name=\"trp-form-language\" value=\"tr\"\/><\/form>\n<\/div>\n    <\/div>\r\n\t\t\t\t<\/div>\n\t\t\t\t<\/div>\n\t\t            <\/div>\r\n        <\/div>\r\n        \t\t\t<\/div>\n\t\t<\/section>\n\t\t            <\/div>\r\n        <\/div>\r\n        \t\t\t<\/div>\n\t\t<\/section>\n\t\t        <section data-particle_enable=\"false\" data-particle-mobile-disabled=\"false\" class=\"elementor-section elementor-top-section elementor-element elementor-element-95e10ca elementor-section-full_width elementor-section-stretched elementor-section-height-default elementor-section-height-default pxl-type-header-none pxl-section-offset-none pxl-row-scroll-none\" data-id=\"95e10ca\" data-element_type=\"section\" data-e-type=\"section\" data-settings=\"{&quot;stretch_section&quot;:&quot;section-stretched&quot;}\">\n\n                \n                <div class=\"elementor-container elementor-column-gap-no\">\n                <div class=\"elementor-column elementor-col-100 elementor-top-column elementor-element elementor-element-8fd34d7 pxl-column-element-default pxl-column-none\" data-id=\"8fd34d7\" data-element_type=\"column\" data-e-type=\"column\">\r\n        <div class=\"elementor-widget-wrap elementor-element-populated\">\r\n                     \r\n        \t\t<div class=\"elementor-element elementor-element-c424f74 elementor-widget elementor-widget-google_maps\" data-id=\"c424f74\" data-element_type=\"widget\" data-e-type=\"widget\" data-widget_type=\"google_maps.default\">\n\t\t\t\t<div class=\"elementor-widget-container\">\n\t\t\t\t\t\t\t<div class=\"elementor-custom-embed\">\n\t\t\t<iframe loading=\"lazy\"\n\t\t\t\t\tsrc=\"https:\/\/maps.google.com\/maps?q=O%C4%9Fulbey%20Mah.%20O%C4%9Fulbey%20k%C3%BCme%20evleri%20no%3A587%20G%C3%B6lba%C5%9F%C4%B1%2C%20Ankara%2C%C2%A0T%C3%9CRK%C4%B0YE&#038;t=m&#038;z=16&#038;output=embed&#038;iwloc=near\"\n\t\t\t\t\ttitle=\"O\u011fulbey Mah. O\u011fulbey k\u00fcme evleri no:587 G\u00f6lba\u015f\u0131, Ankara,\u00a0T\u00dcRK\u0130YE\"\n\t\t\t\t\taria-label=\"O\u011fulbey Mah. O\u011fulbey k\u00fcme evleri no:587 G\u00f6lba\u015f\u0131, Ankara,\u00a0T\u00dcRK\u0130YE\"\n\t\t\t><\/iframe>\n\t\t<\/div>\n\t\t\t\t\t\t<\/div>\n\t\t\t\t<\/div>\n\t\t            <\/div>\r\n        <\/div>\r\n        \t\t\t<\/div>\n\t\t<\/section>\n\t\t        <section data-particle_enable=\"false\" data-particle-mobile-disabled=\"false\" class=\"elementor-section elementor-top-section elementor-element elementor-element-c6ae6de elementor-section-boxed elementor-section-height-default elementor-section-height-default pxl-type-header-none pxl-row-scroll-none\" data-id=\"c6ae6de\" data-element_type=\"section\" data-e-type=\"section\" data-settings=\"{&quot;background_background&quot;:&quot;classic&quot;}\">\n\n                            <div class=\"elementor-background-overlay\"><\/div>\n            \n                <div class=\"elementor-container elementor-column-gap-extended\">\n                <div class=\"elementor-column elementor-col-100 elementor-top-column elementor-element elementor-element-14658f2 pxl-column-element-default pxl-column-none\" data-id=\"14658f2\" data-element_type=\"column\" data-e-type=\"column\">\r\n        <div class=\"elementor-widget-wrap\">\r\n                     \r\n                    <\/div>\r\n        <\/div>\r\n        \t\t\t<\/div>\n\t\t<\/section>\n\t\t\t\t<\/div>","protected":false},"excerpt":{"rendered":"<p>Our Office Our Address O\u011fulbey Mah. O\u011fulbey k\u00fcme evleri no:587 G\u00f6lba\u015f\u0131, Ankara,\u00a0T\u00dcRK\u0130YE Contact Information info@desu.tr sales@desu.tr +90 (312) 299 25 63 GET CONSULTANCY Drop Us A Line Send Request<\/p>","protected":false},"author":1,"featured_media":0,"parent":0,"menu_order":0,"comment_status":"closed","ping_status":"closed","template":"","meta":{"footnotes":""},"class_list":["post-18","page","type-page","status-publish","hentry"],"_links":{"self":[{"href":"https:\/\/desu.tr\/tr\/wp-json\/wp\/v2\/pages\/18","targetHints":{"allow":["GET"]}}],"collection":[{"href":"https:\/\/desu.tr\/tr\/wp-json\/wp\/v2\/pages"}],"about":[{"href":"https:\/\/desu.tr\/tr\/wp-json\/wp\/v2\/types\/page"}],"author":[{"embeddable":true,"href":"https:\/\/desu.tr\/tr\/wp-json\/wp\/v2\/users\/1"}],"replies":[{"embeddable":true,"href":"https:\/\/desu.tr\/tr\/wp-json\/wp\/v2\/comments?post=18"}],"version-history":[{"count":12,"href":"https:\/\/desu.tr\/tr\/wp-json\/wp\/v2\/pages\/18\/revisions"}],"predecessor-version":[{"id":14020,"href":"https:\/\/desu.tr\/tr\/wp-json\/wp\/v2\/pages\/18\/revisions\/14020"}],"wp:attachment":[{"href":"https:\/\/desu.tr\/tr\/wp-json\/wp\/v2\/media?parent=18"}],"curies":[{"name":"wp","href":"https:\/\/api.w.org\/{rel}","templated":true}]}}